{"id":2,"date":"2025-12-21T12:35:08","date_gmt":"2025-12-21T12:35:08","guid":{"rendered":"http:\/\/yducmedi.vn\/?page_id=2"},"modified":"2026-03-04T12:50:39","modified_gmt":"2026-03-04T12:50:39","slug":"trang-mau","status":"publish","type":"page","link":"https:\/\/yducmedi.vn\/?page_id=2","title":{"rendered":"\u0110i\u1ec1u kho\u1ea3n Y \u0110\u1ee9c Medi"},"content":{"rendered":"\n<p>Ng\u01b0\u1eddi S\u1eed D\u1ee5ng kh\u1eb3ng \u0111\u1ecbnh v\u00e0 \u0111\u1ea3m b\u1ea3o r\u1eb1ng:<\/p>\n\n\n\n<p>(a) Ng\u01b0\u1eddi S\u1eed D\u1ee5ng s\u1edf h\u1eefu n\u0103ng l\u1ef1c, (v\u00e0 \u0111\u1ed1i v\u1edbi tr\u01b0\u1eddng h\u1ee3p v\u1ecb th\u00e0nh ni\u00ean, c\u00f3 s\u1ef1 \u0111\u1ed3ng \u00fd h\u1ee3p l\u1ec7 t\u1eeb cha m\u1eb9 ho\u1eb7c ng\u01b0\u1eddi gi\u00e1m h\u1ed9 h\u1ee3p ph\u00e1p), quy\u1ec1n v\u00e0 kh\u1ea3 n\u0103ng h\u1ee3p ph\u00e1p \u0111\u1ec3 giao k\u1ebft c\u00e1c \u0110i\u1ec1u Kho\u1ea3n D\u1ecbch V\u1ee5 n\u00e0y v\u00e0 \u0111\u1ec3 tu\u00e2n th\u1ee7 c\u00e1c \u0111i\u1ec1u kho\u1ea3n theo \u0111\u00f3;<\/p>\n\n\n\n<p>(b) Ng\u01b0\u1eddi S\u1eed D\u1ee5ng ch\u1ec9 s\u1eed d\u1ee5ng D\u1ecbch V\u1ee5 cho c\u00e1c m\u1ee5c \u0111\u00edch h\u1ee3p ph\u00e1p v\u00e0 theo quy \u0111\u1ecbnh c\u1ee7a c\u00e1c \u0110i\u1ec1u Kho\u1ea3n D\u1ecbch V\u1ee5 n\u00e0y c\u0169ng nh\u01b0 t\u1ea5t c\u1ea3 c\u00e1c lu\u1eadt, quy t\u1eafc, quy chu\u1ea9n, ch\u1ec9 th\u1ecb, h\u01b0\u1edbng d\u1eabn, ch\u00ednh s\u00e1ch v\u00e0 quy \u0111\u1ecbnh \u00e1p d\u1ee5ng;<\/p>\n\n\n\n<p>(c) Ng\u01b0\u1eddi S\u1eed D\u1ee5ng kh\u00f4ng c\u00f3 tr\u1ee5 s\u1edf t\u1ea1i ho\u1eb7c sinh s\u1ed1ng t\u1ea1i m\u1ed9t qu\u1ed1c gia ho\u1eb7c v\u00f9ng l\u00e3nh th\u1ed5 m\u00e0 l\u00e0 \u0111\u1ed1i t\u01b0\u1ee3ng c\u1ee7a C\u00e1c Bi\u1ec7n Ph\u00e1t Tr\u1eebng Ph\u1ea1t (bao g\u1ed3m Iran, Cuba, B\u1eafc Tri\u1ec1u Ti\u00ean, Crimea, Donetsk, Khu v\u1ef1c Luhansk t\u1ea1i Ukraine).<\/p>\n\n\n\n<p>Gi\u1edbi h\u1ea1n tr\u00e1ch nhi\u1ec7m:<\/p>\n\n\n\n<p>Y \u0110\u1ee9c Medi trao cho Ng\u01b0\u1eddi S\u1eed D\u1ee5ng quy\u1ec1n ph\u00f9 h\u1ee3p \u0111\u1ec3 truy c\u1eadp v\u00e0 s\u1eed d\u1ee5ng c\u00e1c D\u1ecbch V\u1ee5 theo c\u00e1c \u0111i\u1ec1u kho\u1ea3n v\u00e0 \u0111i\u1ec1u ki\u1ec7n \u0111\u01b0\u1ee3c quy \u0111\u1ecbnh trong \u0110i\u1ec1u Kho\u1ea3n D\u1ecbch V\u1ee5 n\u00e0y. T\u1ea5t c\u1ea3 c\u00e1c N\u1ed9i Dung, th\u01b0\u01a1ng hi\u1ec7u, nh\u00e3n hi\u1ec7u d\u1ecbch v\u1ee5, t\u00ean th\u01b0\u01a1ng m\u1ea1i, bi\u1ec3u t\u01b0\u1ee3ng v\u00e0 t\u00e0i s\u1ea3n s\u1edf h\u1eefu tr\u00ed tu\u1ec7 kh\u00e1c \u0111\u1ed9c quy\u1ec1n (\u201cT\u00e0i S\u1ea3n S\u1edf H\u1eefu Tr\u00ed Tu\u1ec7\u201d) hi\u1ec3n th\u1ecb tr\u00ean Trang Y \u0110\u1ee9c Medi \u0111\u1ec1u thu\u1ed9c s\u1edf h\u1eefu c\u1ee7a Y \u0110\u1ee9c Medi v\u00e0 b\u00ean s\u1edf h\u1eefu th\u1ee9 ba (n\u1ebfu c\u00f3). Kh\u00f4ng m\u1ed9t b\u00ean n\u00e0o truy c\u1eadp v\u00e0o Trang Y \u0110\u1ee9c Medi \u0111\u01b0\u1ee3c c\u1ea5p quy\u1ec1n ho\u1eb7c c\u1ea5p ph\u00e9p tr\u1ef1c ti\u1ebfp ho\u1eb7c gi\u00e1n ti\u1ebfp \u0111\u1ec3 s\u1eed d\u1ee5ng ho\u1eb7c sao ch\u00e9p b\u1ea5t k\u1ef3 T\u00e0i S\u1ea3n S\u1edf H\u1eefu Tr\u00ed Tu\u1ec7 n\u00e0o, c\u0169ng nh\u01b0 kh\u00f4ng m\u1ed9t b\u00ean n\u00e0o truy c\u1eadp v\u00e0o Trang Y  \u0110\u1ee9c Medi \u0111\u01b0\u1ee3c ph\u00e9p truy \u0111\u00f2i b\u1ea5t k\u1ef3 quy\u1ec1n, quy\u1ec1n s\u1edf h\u1eefu ho\u1eb7c l\u1ee3i \u00edch n\u00e0o li\u00ean quan \u0111\u1ebfn T\u00e0i S\u1ea3n S\u1edf H\u1eefu Tr\u00ed Tu\u1ec7. B\u1eb1ng c\u00e1ch s\u1eed d\u1ee5ng ho\u1eb7c truy c\u1eadp D\u1ecbch V\u1ee5, b\u1ea1n \u0111\u1ed3ng \u00fd tu\u00e2n th\u1ee7 c\u00e1c quy \u0111\u1ecbnh ph\u00e1p lu\u1eadt li\u00ean quan \u0111\u1ebfn b\u1ea3n quy\u1ec1n, th\u01b0\u01a1ng hi\u1ec7u, nh\u00e3n hi\u1ec7u d\u1ecbch v\u1ee5 ho\u1eb7c b\u1ea5t c\u1ee9 quy \u0111\u1ecbnh ph\u00e1p lu\u1eadt n\u00e0o kh\u00e1c b\u1ea3o v\u1ec7 D\u1ecbch V\u1ee5, Trang Y \u0110\u1ee9c Medi v\u00e0 N\u1ed9i Dung c\u1ee7a Trang Y \u0110\u1ee9c Medi. B\u1ea1n \u0111\u1ed3ng \u00fd kh\u00f4ng \u0111\u01b0\u1ee3c ph\u00e9p sao ch\u00e9p, ph\u00e1t t\u00e1n, t\u00e1i b\u1ea3n, chuy\u1ec3n giao, c\u00f4ng b\u1ed1 c\u00f4ng khai, th\u1ef1c hi\u1ec7n c\u00f4ng khai, s\u1eeda \u0111\u1ed5i, ph\u1ecfng t\u00e1c, cho thu\u00ea, b\u00e1n, ho\u1eb7c t\u1ea1o ra c\u00e1c s\u1ea3n ph\u1ea9m ph\u00e1i sinh c\u1ee7a b\u1ea5t c\u1ee9 ph\u1ea7n n\u00e0o thu\u1ed9c D\u1ecbch V\u1ee5, Trang Y \u0110\u1ee9c Medi v\u00e0 N\u1ed9i Dung c\u1ee7a Trang Y \u0110\u1ee9c Medi. B\u1ea1n kh\u00f4ng \u0111\u01b0\u1ee3c nh\u00e2n b\u1ea3n ho\u1eb7c ch\u1ec9nh s\u1eeda b\u1ea5t k\u1ef3 ph\u1ea7n n\u00e0o ho\u1eb7c to\u00e0n b\u1ed9 n\u1ed9i dung c\u1ee7a Trang Y \u0110\u1ee9c Medi tr\u00ean b\u1ea5t k\u1ef3 m\u00e1y ch\u1ee7 ho\u1eb7c nh\u01b0 l\u00e0 m\u1ed9t ph\u1ea7n c\u1ee7a b\u1ea5t k\u1ef3 website n\u00e0o kh\u00e1c m\u00e0 ch\u01b0a nh\u1eadn \u0111\u01b0\u1ee3c s\u1ef1 ch\u1ea5p thu\u1eadn b\u1eb1ng v\u0103n b\u1ea3n c\u1ee7a Y \u0110\u1ee9c Medi. Ngo\u00e0i ra, b\u1ea1n \u0111\u1ed3ng \u00fd r\u1eb1ng b\u1ea1n s\u1ebd kh\u00f4ng s\u1eed d\u1ee5ng b\u1ea5t k\u1ef3 robot, ch\u01b0\u01a1ng tr\u00ecnh do th\u00e1m (spider) hay b\u1ea5t k\u1ef3 thi\u1ebft b\u1ecb t\u1ef1 \u0111\u1ed9ng ho\u1eb7c ph\u01b0\u01a1ng th\u1ee9c th\u1ee7 c\u00f4ng n\u00e0o \u0111\u1ec3 theo d\u00f5i, th\u1ed1ng k\u00ea, thu th\u1eadp ho\u1eb7c sao ch\u00e9p N\u1ed9i Dung c\u1ee7a Y \u0110\u1ee9c Medi khi ch\u01b0a c\u00f3 s\u1ef1 \u0111\u1ed3ng \u00fd tr\u01b0\u1edbc b\u1eb1ng v\u0103n b\u1ea3n c\u1ee7a Y \u0110\u1ee9c Medi (s\u1ef1 ch\u1ea5p thu\u1eadn n\u00e0y \u0111\u01b0\u1ee3c xem nh\u01b0 \u00e1p d\u1ee5ng cho c\u00e1c c\u00f4ng c\u1ee5 t\u00ecm ki\u1ebfm c\u01a1 b\u1ea3n tr\u00ean c\u00e1c website t\u00ecm ki\u1ebfm tr\u00ean m\u1ea1ng k\u1ebft n\u1ed1i ng\u01b0\u1eddi d\u00f9ng tr\u1ef1c ti\u1ebfp \u0111\u1ebfn website \u0111\u00f3).<\/p>\n\n\n\n<p>D\u1eef li\u1ec7u c\u1ee7a b\u1ea1n \u0111\u01b0\u1ee3c ti\u1ebft l\u1ed9 khi n\u00e0o:<\/p>\n\n\n\n<p>Ng\u01b0\u1eddi S\u1eed D\u1ee5ng ch\u1ea5p thu\u1eadn v\u00e0 \u0111\u1ed3ng \u00fd r\u1eb1ng Y \u0110\u1ee9c Medi c\u00f3 th\u1ec3 truy c\u1eadp, duy tr\u00ec v\u00e0 ti\u1ebft l\u1ed9 th\u00f4ng tin T\u00e0i Kho\u1ea3n c\u1ee7a Ng\u01b0\u1eddi S\u1eed D\u1ee5ng, N\u1ed9i Dung v\u00e0 b\u1ea5t k\u1ef3 t\u00e0i li\u1ec7u ho\u1eb7c th\u00f4ng tin n\u00e0o kh\u00e1c m\u00e0 Ng\u01b0\u1eddi S\u1eed D\u1ee5ng cung c\u1ea5p cho Y \u0110\u1ee9c Medi trong tr\u01b0\u1eddng h\u1ee3p ph\u00e1p lu\u1eadt c\u00f3 y\u00eau c\u1ea7u ho\u1eb7c theo l\u1ec7nh c\u1ee7a t\u00f2a \u00e1n ho\u1eb7c c\u01a1 quan ch\u00ednh ph\u1ee7 ho\u1eb7c c\u01a1 quan nh\u00e0 n\u01b0\u1edbc c\u00f3 th\u1ea9m quy\u1ec1n y\u00eau c\u1ea7u Y \u0110\u1ee9c Medi ho\u1eb7c nh\u1eefng nguy\u00ean nh\u00e2n kh\u00e1c theo quy \u0111\u1ecbnh ph\u00e1p lu\u1eadt: (a) tu\u00e2n th\u1ee7 c\u00e1c th\u1ee7 t\u1ee5c ph\u00e1p lu\u1eadt; (b) th\u1ef1c thi \u0110i\u1ec1u Kho\u1ea3n D\u1ecbch V\u1ee5; (c) ph\u1ea3n h\u1ed3i c\u00e1c khi\u1ebfu n\u1ea1i v\u1ec1 vi\u1ec7c N\u1ed9i Dung x\u00e2m ph\u1ea1m \u0111\u1ebfn quy\u1ec1n l\u1ee3i c\u1ee7a b\u00ean th\u1ee9 ba; (d) ph\u1ea3n h\u1ed3i c\u00e1c y\u00eau c\u1ea7u c\u1ee7a Ng\u01b0\u1eddi S\u1eed D\u1ee5ng li\u00ean quan \u0111\u1ebfn ch\u0103m s\u00f3c kh\u00e1ch h\u00e0ng; ho\u1eb7c (e) b\u1ea3o v\u1ec7 c\u00e1c quy\u1ec1n, t\u00e0i s\u1ea3n ho\u1eb7c an to\u00e0n c\u1ee7a Y \u0110\u1ee9c Medi , Ng\u01b0\u1eddi S\u1eed D\u1ee5ng v\u00e0\/ho\u1eb7c c\u1ed9ng \u0111\u1ed3ng.<\/p>\n\n\n\n<p>V\u1eadn Chuy\u1ec3n:<\/p>\n\n\n\n<p>\u0110\u1ed1i v\u1edbi vi\u1ec7c v\u1eadn chuy\u1ec3n s\u1ea3n ph\u1ea9m t\u1eeb Y \u0110\u1ee9c Medi \u0111\u1ebfn cho Ng\u01b0\u1eddi Mua trong l\u00e3nh th\u1ed5 Vi\u1ec7t Nam:<br>Y \u0110\u1ee9c Medi s\u1ebd s\u1eed d\u1ee5ng c\u00e1c \u0110\u01a1n V\u1ecb Cung C\u1ea5p D\u1ecbch V\u1ee5 V\u1eadn Chuy\u1ec3n trong n\u01b0\u1edbc g\u1eedi \u0111\u1ebfn Ng\u01b0\u1eddi Mua.<\/p>\n\n\n\n<p>Vi\u1ec7c v\u1eadn chuy\u1ec3n s\u1ebd \u0111\u01b0\u1ee3c th\u1ef1c hi\u1ec7n b\u1edfi \u0110\u01a1n Vi Cung C\u1ea5p D\u1ecbch V\u1ee5 V\u1eadn Chuy\u1ec3n, m\u00e0 kh\u00f4ng ph\u1ea3i do Y \u0110\u1ee9c Medi. Y \u0110\u1ee9c Medi ch\u1ecbu tr\u00e1ch nhi\u1ec7m h\u1ed7 tr\u1ee3 c\u00e1c b\u00e1o c\u00e1o\/khi\u1ebfu n\u1ea1i t\u1eeb Ng\u01b0\u1eddi Mua n\u1ebfu Ng\u01b0\u1eddi Mua kh\u00f4ng nh\u1eadn \u0111\u01b0\u1ee3c c\u00e1c s\u1ea3n ph\u1ea9m \u0111\u00e3 mua trong th\u1eddi gian d\u1ef1 ki\u1ebfn. Trong tr\u01b0\u1eddng h\u1ee3p Ng\u01b0\u1eddi Mua kh\u00f4ng nh\u1eadn \u0111\u01b0\u1ee3c s\u1ea3n ph\u1ea9m \u0111\u00e3 mua trong th\u1eddi gian d\u1ef1 ki\u1ebfn m\u00e0 theo \u0111\u00f3 s\u1ea3n ph\u1ea9m \u0111\u00e3 mua l\u1ebd ra ph\u1ea3i \u0111\u01b0\u1ee3c giao nh\u1eadn theo Ch\u00ednh S\u00e1ch Y \u0110\u1ee9c Medi v\u00e0 Ch\u00ednh S\u00e1ch \u0110\u1ea3m B\u1ea3o c\u1ee7a Y \u0110\u1ee9c Medi, Ng\u01b0\u1eddi Mua ph\u1ea3i th\u00f4ng b\u00e1o cho Y \u0110\u1ee9c Medi th\u00f4ng qua hotline tr\u1ef1c ti\u1ebfp. Y \u0110\u1ee9c Medi s\u1ebd chuy\u1ec3n c\u00e1c th\u00f4ng b\u00e1o c\u1ee7a Ng\u01b0\u1eddi Mua sang cho \u0110\u01a1n V\u1ecb Cung C\u1ea5p D\u1ecbch V\u1ee5 V\u1eadn Chuy\u1ec3n \u0111\u1ec3 \u0111\u01b0a ra gi\u1ea3i ph\u00e1p t\u1ed1t nh\u1ea5t cho Ng\u01b0\u1eddi Mua.<\/p>\n\n\n\n<p>\u0110\u1ed1i v\u1edbi Giao D\u1ecbch Xuy\u00ean Qu\u1ed1c Gia: B\u1eb1ng vi\u1ec7c ch\u1ecdn mua S\u1ea3n Ph\u1ea9m \u1ede N\u01b0\u1edbc Ngo\u00e0i, Ng\u01b0\u1eddi S\u1eed D\u1ee5ng theo \u0111\u00e2y \u0111\u1ed3ng \u00fd \u1ee7y th\u00e1c cho Y \u0110\u1ee9c Medi, t\u1ef1 m\u00ecnh ho\u1eb7c th\u00f4ng qua b\u00ean th\u1ee9 ba, th\u1ef1c hi\u1ec7n c\u00e1c th\u1ee7 t\u1ee5c\/c\u00f4ng \u0111o\u1ea1n c\u1ea7n thi\u1ebft cho vi\u1ec7c xu\u1ea5t kh\u1ea9u S\u1ea3n Ph\u1ea9m \u1ede Vi\u1ec7t Nam sang N\u01b0\u1edbc Ngo\u00e0i theo quy \u0111\u1ecbnh ph\u00e1p lu\u1eadt.<\/p>\n","protected":false},"excerpt":{"rendered":"<p>Ng\u01b0\u1eddi S\u1eed D\u1ee5ng kh\u1eb3ng \u0111\u1ecbnh v\u00e0 \u0111\u1ea3m b\u1ea3o r\u1eb1ng: (a) Ng\u01b0\u1eddi S\u1eed D\u1ee5ng s\u1edf h\u1eefu n\u0103ng l\u1ef1c, (v\u00e0 \u0111\u1ed1i v\u1edbi tr\u01b0\u1eddng h\u1ee3p v\u1ecb th\u00e0nh ni\u00ean, c\u00f3 s\u1ef1 \u0111\u1ed3ng \u00fd h\u1ee3p l\u1ec7 t\u1eeb cha m\u1eb9 ho\u1eb7c ng\u01b0\u1eddi gi\u00e1m h\u1ed9 h\u1ee3p ph\u00e1p), quy\u1ec1n v\u00e0 kh\u1ea3 n\u0103ng h\u1ee3p ph\u00e1p \u0111\u1ec3 giao k\u1ebft c\u00e1c \u0110i\u1ec1u Kho\u1ea3n D\u1ecbch V\u1ee5 n\u00e0y [&hellip;]<\/p>\n","protected":false},"author":1,"featured_media":0,"parent":0,"menu_order":0,"comment_status":"closed","ping_status":"open","template":"","meta":{"footnotes":""},"class_list":["post-2","page","type-page","status-publish","hentry"],"_links":{"self":[{"href":"https:\/\/yducmedi.vn\/index.php?rest_route=\/wp\/v2\/pages\/2","targetHints":{"allow":["GET"]}}],"collection":[{"href":"https:\/\/yducmedi.vn\/index.php?rest_route=\/wp\/v2\/pages"}],"about":[{"href":"https:\/\/yducmedi.vn\/index.php?rest_route=\/wp\/v2\/types\/page"}],"author":[{"embeddable":true,"href":"https:\/\/yducmedi.vn\/index.php?rest_route=\/wp\/v2\/users\/1"}],"replies":[{"embeddable":true,"href":"https:\/\/yducmedi.vn\/index.php?rest_route=%2Fwp%2Fv2%2Fcomments&post=2"}],"version-history":[{"count":2,"href":"https:\/\/yducmedi.vn\/index.php?rest_route=\/wp\/v2\/pages\/2\/revisions"}],"predecessor-version":[{"id":44,"href":"https:\/\/yducmedi.vn\/index.php?rest_route=\/wp\/v2\/pages\/2\/revisions\/44"}],"wp:attachment":[{"href":"https:\/\/yducmedi.vn\/index.php?rest_route=%2Fwp%2Fv2%2Fmedia&parent=2"}],"curies":[{"name":"wp","href":"https:\/\/api.w.org\/{rel}","templated":true}]}}